{"id":651,"date":"2026-03-03T13:58:57","date_gmt":"2026-03-03T13:58:57","guid":{"rendered":"https:\/\/xn--lebensraum-krpertherapie-woc.ch\/?page_id=651"},"modified":"2026-03-05T09:18:22","modified_gmt":"2026-03-05T09:18:22","slug":"biodynamische-koerperarbeit","status":"publish","type":"page","link":"https:\/\/xn--lebensraum-krpertherapie-woc.ch\/?page_id=651","title":{"rendered":"Biodynamische K\u00f6rperarbeit"},"content":{"rendered":"<p>[et_pb_section fb_built=&#8220;1&#8243; _builder_version=&#8220;4.27.4&#8243; _module_preset=&#8220;default&#8220; custom_margin=&#8220;|||2px||&#8220; custom_padding=&#8220;|||0px||&#8220; global_colors_info=&#8220;{}&#8220;][et_pb_row _builder_version=&#8220;4.27.4&#8243; _module_preset=&#8220;default&#8220; min_height=&#8220;105px&#8220; min_height_tablet=&#8220;105px&#8220; min_height_phone=&#8220;329px&#8220; min_height_last_edited=&#8220;on|phone&#8220; height=&#8220;100px&#8220; max_height=&#8220;100px&#8220; custom_padding=&#8220;2px|||||&#8220; module_alignment_tablet=&#8220;&#8220; module_alignment_phone=&#8220;&#8220; module_alignment_last_edited=&#8220;on|desktop&#8220; global_colors_info=&#8220;{}&#8220;][et_pb_column type=&#8220;4_4&#8243; _builder_version=&#8220;4.27.4&#8243; _module_preset=&#8220;default&#8220; global_colors_info=&#8220;{}&#8220;][et_pb_text _builder_version=&#8220;4.27.4&#8243; _module_preset=&#8220;default&#8220; header_font_size=&#8220;100px&#8220; min_height=&#8220;37.7px&#8220; height=&#8220;100px&#8220; max_height=&#8220;100px&#8220; custom_margin=&#8220;||130px|||&#8220; custom_padding=&#8220;14px||0px|||&#8220; global_colors_info=&#8220;{}&#8220;]<\/p>\n<h1 style=\"text-align: center;\">Biodynamische K\u00f6rperarbeit<\/h1>\n<h2 style=\"text-align: center;\"><\/h2>\n<p>&nbsp;<\/p>\n<p>[\/et_pb_text][\/et_pb_column][\/et_pb_row][et_pb_row column_structure=&#8220;1_2,1_2&#8243; _builder_version=&#8220;4.27.4&#8243; _module_preset=&#8220;default&#8220; global_colors_info=&#8220;{}&#8220;][et_pb_column type=&#8220;1_2&#8243; _builder_version=&#8220;4.27.4&#8243; _module_preset=&#8220;default&#8220; global_colors_info=&#8220;{}&#8220;][et_pb_image src=&#8220;https:\/\/xn--lebensraum-krpertherapie-woc.ch\/wp-content\/uploads\/2025\/10\/iStock-1338497432-bearbeitet-scaled.jpg&#8220; title_text=&#8220;iStock-1338497432 bearbeitet&#8220; _builder_version=&#8220;4.27.4&#8243; _module_preset=&#8220;default&#8220; min_height=&#8220;302.7px&#8220; custom_padding=&#8220;0px|||||&#8220; border_radii=&#8220;on|35px|35px|35px|35px&#8220; global_colors_info=&#8220;{}&#8220;][\/et_pb_image][\/et_pb_column][et_pb_column type=&#8220;1_2&#8243; _builder_version=&#8220;4.27.4&#8243; _module_preset=&#8220;default&#8220; global_colors_info=&#8220;{}&#8220;][et_pb_text _builder_version=&#8220;4.27.4&#8243; _module_preset=&#8220;default&#8220; custom_margin=&#8220;||26px|||&#8220; global_colors_info=&#8220;{}&#8220;]<\/p>\n<h3 style=\"text-align: center;\"><strong>Stressregulation &amp; Entspannung<\/strong><\/h3>\n<p>[\/et_pb_text][et_pb_text _builder_version=&#8220;4.27.4&#8243; _module_preset=&#8220;default&#8220; min_height=&#8220;236.2px&#8220; global_colors_info=&#8220;{}&#8220;]<\/p>\n<p><strong>Wir wissen heute<\/strong>, dass anhaltender Stress und emotionale Belastungen Spuren im K\u00f6rper hinterlassen. Diese Stressreste lagern sich Schicht f\u00fcr Schicht im Gewebe ab und bilden eine Barriere gegen den nat\u00fcrlichen Kreislauf der K\u00f6rperfl\u00fcssigkeiten. Je mehr Stress-Schichten, desto schwieriger wird die Kommunikation zwischen den verschiedenen K\u00f6rperebenen und um so schwerer f\u00e4llt Entspannung.<\/p>\n<p>Das ist wertvoll und lebensrettend in einem gewissen Zeitbereich unseres Lebens, l\u00e4ngerfristig kann es jedoch dazu f\u00fchren, dass unsere Lebensfreude und Vitalit\u00e4t blockiert und die Gesundheit beeintr\u00e4chtigt wird.<\/p>\n<p>Aber auch die andere Seite, die Aktivierung, ist f\u00fcr einen gesunden K\u00f6rper wichtig. Deshalb kann zu einer Stressregulation nicht ausschliesslich Entspannung sondern auch Aktivierung geh\u00f6ren.<\/p>\n<p>Genau hier setzt die biodynamische K\u00f6rperarbeit an und unterst\u00fctzt die Selbstheilungskr\u00e4fte und die Selbstregulation durch sanfte Behandlungen, K\u00f6rper\u00fcbungen und korrigierende Erfahrungen.<\/p>\n<p>[\/et_pb_text][\/et_pb_column][\/et_pb_row][et_pb_row column_structure=&#8220;1_2,1_2&#8243; _builder_version=&#8220;4.27.4&#8243; _module_preset=&#8220;default&#8220; global_colors_info=&#8220;{}&#8220;][et_pb_column type=&#8220;1_2&#8243; _builder_version=&#8220;4.27.4&#8243; _module_preset=&#8220;default&#8220; global_colors_info=&#8220;{}&#8220;][et_pb_image src=&#8220;https:\/\/xn--lebensraum-krpertherapie-woc.ch\/wp-content\/uploads\/2025\/10\/iStock-1456795251-bearbeitet-scaled.jpg&#8220; title_text=&#8220;iStock-1456795251 bearbeitet&#8220; _builder_version=&#8220;4.27.4&#8243; _module_preset=&#8220;default&#8220; min_height=&#8220;302.7px&#8220; custom_padding=&#8220;0px|||||&#8220; border_radii=&#8220;on|35px|35px|35px|35px&#8220; global_colors_info=&#8220;{}&#8220;][\/et_pb_image][\/et_pb_column][et_pb_column type=&#8220;1_2&#8243; _builder_version=&#8220;4.27.4&#8243; _module_preset=&#8220;default&#8220; global_colors_info=&#8220;{}&#8220;][et_pb_text _builder_version=&#8220;4.27.4&#8243; _module_preset=&#8220;default&#8220; custom_margin=&#8220;||26px|||&#8220; global_colors_info=&#8220;{}&#8220;]<\/p>\n<h3 style=\"text-align: center;\"><strong>Biorelease<\/strong><\/h3>\n<p>[\/et_pb_text][et_pb_text _builder_version=&#8220;4.27.4&#8243; _module_preset=&#8220;default&#8220; min_height=&#8220;236.2px&#8220; global_colors_info=&#8220;{}&#8220;]<\/p>\n<p style=\"text-align: left;\"><strong>In der Biodynamik<\/strong> geht man davon aus, dass K\u00f6rper, Psyche und Seele sehr komplex ineinandergreifen. Bereits in den 1950er Jahren entdeckte Gerda Boyesen (Psychologin und Physiotherapeutin) aufbauend auf den Erkenntnissen von Wilhelm Reich, dass unser Verdauungssystem psychische und emotionale Vorg\u00e4nge tats\u00e4chlich verdauen kann. Neuere wissenschaftliche Studien zum \u00abBauchhirn\u00bb best\u00e4tigen das. Unser enterisches Nervensystem reguliert kooperativ mit Sympathikus und Parasympathikus sowie unserem Zellged\u00e4chtnis komplexe K\u00f6rperfunktionen und ist so in der Lage, Stress und Stressreste durch die Psychoperistaltik zu verarbeiten.<\/p>\n<p>[\/et_pb_text][\/et_pb_column][\/et_pb_row][et_pb_row column_structure=&#8220;1_2,1_2&#8243; _builder_version=&#8220;4.27.4&#8243; _module_preset=&#8220;default&#8220; global_colors_info=&#8220;{}&#8220;][et_pb_column type=&#8220;1_2&#8243; _builder_version=&#8220;4.27.4&#8243; _module_preset=&#8220;default&#8220; global_colors_info=&#8220;{}&#8220;][et_pb_image src=&#8220;https:\/\/xn--lebensraum-krpertherapie-woc.ch\/wp-content\/uploads\/2025\/10\/Screenshot-2025-10-12-211336-Farbe-2-mal-angepasst.jpg&#8220; title_text=&#8220;Screenshot 2025-10-12 211336 Farbe 2 mal angepasst&#8220; _builder_version=&#8220;4.27.4&#8243; _module_preset=&#8220;default&#8220; border_radii=&#8220;on|35px|35px|35px|35px&#8220; global_colors_info=&#8220;{}&#8220;][\/et_pb_image][\/et_pb_column][et_pb_column type=&#8220;1_2&#8243; _builder_version=&#8220;4.27.4&#8243; _module_preset=&#8220;default&#8220; global_colors_info=&#8220;{}&#8220;][et_pb_text _builder_version=&#8220;4.27.4&#8243; _module_preset=&#8220;default&#8220; header_font_size=&#8220;100px&#8220; width_tablet=&#8220;&#8220; width_phone=&#8220;&#8220; width_last_edited=&#8220;on|phone&#8220; global_colors_info=&#8220;{}&#8220;]<\/p>\n<p style=\"text-align: left;\"><strong>Unbewusste Teile <\/strong>unserer Erfahrungen k\u00f6nnen sich in Form von <strong>Verspannungen, Schmerzen<\/strong> oder in <strong>Glaubenss\u00e4tzen<\/strong> und Fragen zeigen&#8230;<\/p>\n<p style=\"padding-left: 40px;\">\u00abWarum versuche ich immer allen alles recht zu machen?\u00bb<\/p>\n<p style=\"padding-left: 40px;\">\u00abWarum kann ich nicht vertrauen?\u00bb<\/p>\n<p style=\"padding-left: 40px;\">\u00abIch bin ein Fehler !\u00bb<\/p>\n<p style=\"padding-left: 40px;\">\u00abDas Leben ist leer und sinnlos.\u00bb<\/p>\n<p style=\"padding-left: 40px;\">\u00abDie Welt ist ein gef\u00e4hrlicher Ort.\u00bb<\/p>\n<p style=\"padding-left: 40px;\">\u00abIch bin nur etwas Wert, wenn ich hart arbeite!\u00bb &#8230;<\/p>\n<p style=\"padding-left: 40px;\">\n<p>Vielleicht hat dir deine innere Stimme bereits zugefl\u00fcstert, dass etwas in deinem System nicht passt&#8230;<\/p>\n<p>Durch <strong>sanfte Massagen<\/strong> &#8211; mit Fokus auf das ganzheitliche K\u00f6rpersystem &#8211; k\u00f6nnen diese versteckten Anteile \u00abgeschmolzen\u00bb werden, ohne u\u0308berflutende seelische oder physische Schmerzen zu provozieren. Mit achtsamen K\u00f6rper\u00fcbungen, Geduld und einf\u00fchlsamer Unterst\u00fctzung kannst du lernen, deine Muster zu erkennen, zu l\u00f6sen und dir selbst wieder ein St\u00fcck n\u00e4her kommen.<\/p>\n<p>[\/et_pb_text][\/et_pb_column][\/et_pb_row][et_pb_row _builder_version=&#8220;4.27.4&#8243; _module_preset=&#8220;default&#8220; global_colors_info=&#8220;{}&#8220;][et_pb_column type=&#8220;4_4&#8243; _builder_version=&#8220;4.27.4&#8243; _module_preset=&#8220;default&#8220; global_colors_info=&#8220;{}&#8220;][et_pb_text _builder_version=&#8220;4.27.4&#8243; _module_preset=&#8220;default&#8220; header_font_size=&#8220;100px&#8220; min_height=&#8220;382.6px&#8220; module_alignment_tablet=&#8220;&#8220; module_alignment_phone=&#8220;center&#8220; module_alignment_last_edited=&#8220;on|phone&#8220; global_colors_info=&#8220;{}&#8220;]<\/p>\n<p style=\"text-align: center;\"><strong>Biorelease-Behandlungen<\/strong> k\u00f6nnen bei verschiedenen Belastungen sanft und nachhaltig unterst\u00fctzen, zum Beispiel bei:<\/p>\n<p style=\"text-align: center;\">stressbedingten Beschwerden<br \/>depressiven Verstimmungen<br \/>seelischen Belastungen<br \/>somatoformen Beschwerden<\/p>\n<p style=\"text-align: center;\">\n<p style=\"text-align: center;\">chronischen Schmerzzust\u00e4nden<br \/>Schlafst\u00f6rungen<br \/>Verdauungsst\u00f6rungen<br \/>Ersch\u00f6pfung<br \/>Nervosit\u00e4t<\/p>\n<p style=\"text-align: center;\">ADHS &#8230;<\/p>\n<p style=\"text-align: center;\">und weiteren Beschwerden<\/p>\n<p>[\/et_pb_text][\/et_pb_column][\/et_pb_row][et_pb_row column_structure=&#8220;1_2,1_2&#8243; _builder_version=&#8220;4.27.4&#8243; _module_preset=&#8220;default&#8220; min_height=&#8220;770.4px&#8220; custom_margin=&#8220;|auto|75px|auto||&#8220; global_colors_info=&#8220;{}&#8220;][et_pb_column type=&#8220;1_2&#8243; _builder_version=&#8220;4.27.4&#8243; _module_preset=&#8220;default&#8220; global_colors_info=&#8220;{}&#8220;][et_pb_image src=&#8220;https:\/\/xn--lebensraum-krpertherapie-woc.ch\/wp-content\/uploads\/2025\/11\/32-fuer-website-wenig-gold-weich-scaled.jpg&#8220; title_text=&#8220;32 f\u00fcr website wenig gold weich&#8220; _builder_version=&#8220;4.27.4&#8243; _module_preset=&#8220;default&#8220; border_radii=&#8220;on|35px|35px|35px|35px&#8220; global_colors_info=&#8220;{}&#8220;][\/et_pb_image][\/et_pb_column][et_pb_column type=&#8220;1_2&#8243; _builder_version=&#8220;4.27.4&#8243; _module_preset=&#8220;default&#8220; global_colors_info=&#8220;{}&#8220;][et_pb_text _builder_version=&#8220;4.27.4&#8243; _module_preset=&#8220;default&#8220; custom_margin=&#8220;||1px|||&#8220; global_colors_info=&#8220;{}&#8220;]<\/p>\n<h3 style=\"text-align: center;\"><strong>Hier geht es um DICH<\/strong><\/h3>\n<p>[\/et_pb_text][et_pb_text _builder_version=&#8220;4.27.6&#8243; _module_preset=&#8220;default&#8220; header_font_size=&#8220;100px&#8220; width_tablet=&#8220;&#8220; width_phone=&#8220;&#8220; width_last_edited=&#8220;on|phone&#8220; global_colors_info=&#8220;{}&#8220; link_text_color=&#8220;#95C4B9&#8243; hover_enabled=&#8220;0&#8243; sticky_enabled=&#8220;0&#8243;]<\/p>\n<p><strong>Es geht darum <\/strong>wertsch\u00e4tzend, liebevoll und in einem sicheren Rahmen gemeinsam mit dir zu erforschen, wo etwas in deinem System in den Fluss gebracht werden kann. Prozessorientiert, in einem Tempo, das fu\u0308r deinen K\u00f6rper angemessen ist, biete ich dir Interventionen an, welche die Entspannung oder Aktivierung f\u00f6rdern und dein Nervensystem unterstu\u0308tzen, sich zu balancieren.<\/p>\n<p><strong>Ich lade dich ein<\/strong>, deine Bed\u00fcrfnisse und Gef\u00fchle im K\u00f6rper zu sp\u00fcren und den inneren Impulsen zu folgen. Diese frei auszudr\u00fccken, kann helfen, Blockaden zu l\u00f6sen und die K\u00f6rperenergie in den Fluss zu bringen &#8211; nicht unter Druck, sondern durch Erlaubnis.<\/p>\n<p><strong>Daf\u00fcr behandle ich<\/strong> auf unterschiedlichen K\u00f6rpereben, wie z.B. der Haut, dem Bindegewebe, den Faszien, der Periost. Unterstu\u0308tzend k\u00f6nnen auch Atem-, K\u00f6rper- und Wahrnehmungsu\u0308bungen einfliessen. Mittels eines Stethoskops, welches auf dem Bauch oder Ru\u0308cken platziert wird, gibt dein K\u00f6rper unmittelbar ein Bio-Feedback.<\/p>\n<p>Um gezielt auf Themen hinzuarbeiten, lasse ich unterst\u00fctzend Aspekte aus der <strong>wissenschaftlichen Handanalyse<\/strong> einfliessen.\u00a0 Denn, wenn wir unsere Geschichte integrieren und uns liebevoll unseren Herausforderungen zuwenden, k\u00f6nnen wir uns selbst n\u00e4her kommen und unsere Potentiale entdecken.<\/p>\n<p>Besuche auch meine Website zur wissenschaftlichen Handanalyse:<br \/><a href=\"https:\/\/lebensart-handanalytik.ch\/\" target=\"_blank\" rel=\"noopener\">lebensart-handanalytik.ch<\/a><\/p>\n<p>Ich biete Dir einem sicheren Raum, in dem Du korrigierende Erfahrungen machen kannst und nachn\u00e4hren darfst, was dir in fr\u00fchkindlichen Entwicklungsphasen versagt war und dich heute belastet oder einschr\u00e4nkt.<\/p>\n<p>[\/et_pb_text][\/et_pb_column][\/et_pb_row][et_pb_row _builder_version=&#8220;4.27.4&#8243; _module_preset=&#8220;default&#8220; custom_padding=&#8220;||72px|||&#8220; global_colors_info=&#8220;{}&#8220;][et_pb_column type=&#8220;4_4&#8243; _builder_version=&#8220;4.27.4&#8243; _module_preset=&#8220;default&#8220; global_colors_info=&#8220;{}&#8220;][et_pb_image src=&#8220;https:\/\/xn--lebensraum-krpertherapie-woc.ch\/wp-content\/uploads\/2025\/10\/iStock-151812309-bearbeitet-Kopie-scaled.jpg&#8220; title_text=&#8220;iStock-151812309 bearbeitet &#8211; Kopie&#8220; align=&#8220;center&#8220; _builder_version=&#8220;4.27.4&#8243; _module_preset=&#8220;default&#8220; width=&#8220;54%&#8220; width_tablet=&#8220;54%&#8220; width_phone=&#8220;95%&#8220; width_last_edited=&#8220;on|phone&#8220; border_radii=&#8220;on|506px|506px|506px|506px&#8220; global_colors_info=&#8220;{}&#8220;][\/et_pb_image][\/et_pb_column][\/et_pb_row][et_pb_row _builder_version=&#8220;4.27.4&#8243; _module_preset=&#8220;default&#8220; min_height=&#8220;81px&#8220; height=&#8220;100px&#8220; max_height=&#8220;1000px&#8220; custom_padding=&#8220;2px|||||&#8220; global_colors_info=&#8220;{}&#8220;][et_pb_column type=&#8220;4_4&#8243; _builder_version=&#8220;4.27.4&#8243; _module_preset=&#8220;default&#8220; global_colors_info=&#8220;{}&#8220;][et_pb_text _builder_version=&#8220;4.27.4&#8243; _module_preset=&#8220;default&#8220; header_font_size=&#8220;100px&#8220; min_height=&#8220;174px&#8220; min_height_last_edited=&#8220;off|phone&#8220; custom_margin=&#8220;||40px|||&#8220; custom_padding=&#8220;0px||0px|||&#8220; global_colors_info=&#8220;{}&#8220;]<\/p>\n<h1 style=\"text-align: center;\"><img loading=\"lazy\" decoding=\"async\" src=\"https:\/\/xn--lebensraum-krpertherapie-woc.ch\/wp-content\/uploads\/2026\/01\/nvs-logo-300x81.png\" width=\"204\" height=\"55\" alt=\"\" class=\"wp-image-687 alignnone size-medium\" \/><\/h1>\n<p>[\/et_pb_text][et_pb_text _builder_version=&#8220;4.27.4&#8243; _module_preset=&#8220;default&#8220; header_font_size=&#8220;100px&#8220; min_height=&#8220;80px&#8220; min_height_last_edited=&#8220;off|phone&#8220; custom_margin=&#8220;||40px|||&#8220; custom_padding=&#8220;0px||0px|||&#8220; global_colors_info=&#8220;{}&#8220;][\/et_pb_text][\/et_pb_column][\/et_pb_row][\/et_pb_section]<\/p>\n","protected":false},"excerpt":{"rendered":"<p>Biodynamische K\u00f6rperarbeit &nbsp;Stressregulation &amp; EntspannungWir wissen heute, dass anhaltender Stress und emotionale Belastungen Spuren im K\u00f6rper hinterlassen. Diese Stressreste lagern sich Schicht f\u00fcr Schicht im Gewebe ab und bilden eine Barriere gegen den nat\u00fcrlichen Kreislauf der K\u00f6rperfl\u00fcssigkeiten. Je mehr Stress-Schichten, desto schwieriger wird die Kommunikation zwischen den verschiedenen K\u00f6rperebenen und um so schwerer f\u00e4llt Entspannung. [&hellip;]<\/p>\n","protected":false},"author":2,"featured_media":0,"parent":0,"menu_order":0,"comment_status":"closed","ping_status":"closed","template":"","meta":{"_et_pb_use_builder":"on","_et_pb_old_content":"","_et_gb_content_width":"","footnotes":""},"class_list":["post-651","page","type-page","status-publish","hentry"],"_links":{"self":[{"href":"https:\/\/xn--lebensraum-krpertherapie-woc.ch\/index.php?rest_route=\/wp\/v2\/pages\/651","targetHints":{"allow":["GET"]}}],"collection":[{"href":"https:\/\/xn--lebensraum-krpertherapie-woc.ch\/index.php?rest_route=\/wp\/v2\/pages"}],"about":[{"href":"https:\/\/xn--lebensraum-krpertherapie-woc.ch\/index.php?rest_route=\/wp\/v2\/types\/page"}],"author":[{"embeddable":true,"href":"https:\/\/xn--lebensraum-krpertherapie-woc.ch\/index.php?rest_route=\/wp\/v2\/users\/2"}],"replies":[{"embeddable":true,"href":"https:\/\/xn--lebensraum-krpertherapie-woc.ch\/index.php?rest_route=%2Fwp%2Fv2%2Fcomments&post=651"}],"version-history":[{"count":8,"href":"https:\/\/xn--lebensraum-krpertherapie-woc.ch\/index.php?rest_route=\/wp\/v2\/pages\/651\/revisions"}],"predecessor-version":[{"id":809,"href":"https:\/\/xn--lebensraum-krpertherapie-woc.ch\/index.php?rest_route=\/wp\/v2\/pages\/651\/revisions\/809"}],"wp:attachment":[{"href":"https:\/\/xn--lebensraum-krpertherapie-woc.ch\/index.php?rest_route=%2Fwp%2Fv2%2Fmedia&parent=651"}],"curies":[{"name":"wp","href":"https:\/\/api.w.org\/{rel}","templated":true}]}}