{"id":682,"date":"2026-03-03T13:57:54","date_gmt":"2026-03-03T13:57:54","guid":{"rendered":"https:\/\/xn--lebensraum-krpertherapie-woc.ch\/?page_id=682"},"modified":"2026-04-16T16:50:33","modified_gmt":"2026-04-16T16:50:33","slug":"entwurf-ueber-mich","status":"publish","type":"page","link":"https:\/\/xn--lebensraum-krpertherapie-woc.ch\/?page_id=682","title":{"rendered":"Entwurf \u00fcber mich"},"content":{"rendered":"<p>[et_pb_section fb_built=&#8220;1&#8243; admin_label=&#8220;section&#8220; _builder_version=&#8220;4.27.4&#8243; custom_margin=&#8220;0px|0px|0px|0px|false|false&#8220; custom_padding=&#8220;0px|0px|0px|0px|false|false&#8220; global_colors_info=&#8220;{}&#8220;][et_pb_row _builder_version=&#8220;4.27.4&#8243; _module_preset=&#8220;default&#8220; min_height=&#8220;105px&#8220; min_height_tablet=&#8220;105px&#8220; min_height_phone=&#8220;78px&#8220; min_height_last_edited=&#8220;on|phone&#8220; height=&#8220;100px&#8220; max_height=&#8220;100px&#8220; custom_padding=&#8220;2px|||||&#8220; module_alignment_tablet=&#8220;&#8220; module_alignment_phone=&#8220;&#8220; module_alignment_last_edited=&#8220;on|desktop&#8220; global_colors_info=&#8220;{}&#8220;][et_pb_column type=&#8220;4_4&#8243; _builder_version=&#8220;4.27.4&#8243; _module_preset=&#8220;default&#8220; global_colors_info=&#8220;{}&#8220;][et_pb_text _builder_version=&#8220;4.27.6&#8243; _module_preset=&#8220;default&#8220; header_font_size=&#8220;150px&#8220; min_height=&#8220;111px&#8220; min_height_last_edited=&#8220;off|phone&#8220; custom_margin=&#8220;||40px|||&#8220; custom_padding=&#8220;0px||0px|||&#8220; global_colors_info=&#8220;{}&#8220;]<\/p>\n<h1 style=\"text-align: center;\">&#8230; \u00fcber mich<\/h1>\n<p>[\/et_pb_text][\/et_pb_column][\/et_pb_row][\/et_pb_section][et_pb_section fb_built=&#8220;1&#8243; _builder_version=&#8220;4.27.4&#8243; _module_preset=&#8220;default&#8220; custom_margin=&#8220;|||2px||&#8220; custom_padding=&#8220;|||0px||&#8220; global_colors_info=&#8220;{}&#8220;][et_pb_row column_structure=&#8220;1_2,1_2&#8243; _builder_version=&#8220;4.27.4&#8243; _module_preset=&#8220;default&#8220; custom_padding=&#8220;4px|||0px||&#8220; global_colors_info=&#8220;{}&#8220;][et_pb_column type=&#8220;1_2&#8243; _builder_version=&#8220;4.27.4&#8243; _module_preset=&#8220;default&#8220; global_colors_info=&#8220;{}&#8220;][et_pb_image src=&#8220;https:\/\/xn--lebensraum-krpertherapie-woc.ch\/wp-content\/uploads\/2026\/01\/anke_meier-4825-warmer-Kontrast-zugeschnitten-scaled-1.jpg&#8220; title_text=&#8220;anke_meier-4825-warmer-Kontrast-zugeschnitten-scaled&#8220; align=&#8220;center&#8220; _builder_version=&#8220;4.27.4&#8243; _module_preset=&#8220;default&#8220; width=&#8220;54%&#8220; width_tablet=&#8220;54%&#8220; width_phone=&#8220;95%&#8220; width_last_edited=&#8220;on|phone&#8220; custom_padding=&#8220;0px|0px|2px|||&#8220; global_colors_info=&#8220;{}&#8220;][\/et_pb_image][\/et_pb_column][et_pb_column type=&#8220;1_2&#8243; _builder_version=&#8220;4.27.4&#8243; _module_preset=&#8220;default&#8220; global_colors_info=&#8220;{}&#8220;][et_pb_text _builder_version=&#8220;4.27.6&#8243; _module_preset=&#8220;default&#8220; header_font_size=&#8220;100px&#8220; width=&#8220;100%&#8220; custom_padding=&#8220;3px|||||&#8220; global_colors_info=&#8220;{}&#8220;]<\/p>\n<p data-start=\"67\" data-end=\"292\">Mit Lebenserfahrung und vielf\u00e4ltigen Ausbildungen habe ich meine Berufung gefunden: Menschen in ihren Prozessen zu begleiten und ihnen einen Raum zu schenken, in dem sie sich verstanden, gesehen und innerlich gest\u00e4rkt f\u00fchlen.<\/p>\n<p data-start=\"294\" data-end=\"412\">Es ist mir ein Anliegen, Menschen zuzuh\u00f6ren und sie achtsam auf einer tieferen Ebene zu n\u00e4hren und zu begleiten.<\/p>\n<p data-start=\"414\" data-end=\"572\">Ich freue mich darauf, dich auf deinem Weg zu mehr Wohlbefinden, Klarheit und Lebensfreude zu unterst\u00fctzen und dir Raum f\u00fcr bereichernde und korrigierende Erfahrungen zu geben.<\/p>\n<p>[\/et_pb_text][et_pb_text content_tablet=&#8220;<\/p>\n<p data-start=%22579%22 data-end=%22949%22><span style=%22text-decoration: underline;%22>Aus<\/span><span style=%22font-size: 14px; text-decoration-line: underline;%22>bildungen\/Weiterbildungen:<\/span><\/p>\n<p style=%22font-size: 14px; background-color: #ffffff;%22>2023-2027    Biodynamische K\u00f6rperpsychotherapie und -psychologie, E.S.B.P.E. Ulm (780 Std.)<\/p>\n<p style=%22font-size: 14px; background-color: #ffffff;%22>2025              Online Fortbildung \u201eSEI\u00ae &#8211; Fr\u00fche Verletzungen und Entwicklungstrauma erkennen und heilen\u201c, Dami Charf<\/p>\n<p style=%22padding-bottom: 1em; font-size: 14px; background-color: #ffffff;%22>2024-2025    med.Fussreflexzonenmassage, sgmf Med.Fachschule Dickerhof St.Gallen (100 Std.)<\/p>\n<p>&#8220; content_phone=&#8220;<\/p>\n<p data-start=%22579%22 data-end=%22949%22><span style=%22text-decoration: underline;%22>Ausbildungen\/Weiterbildungen:<\/span><\/p>\n<p>2023-2027    Biodynamische K\u00f6rperpsychotherapie und -psychologie, E.S.B.P.E. Ulm (780 Std.)<\/p>\n<p>2025              Online Fortbildung \u201eSEI\u00ae &#8211; Fr\u00fche Verletzungen und Entwicklungstrauma erkennen und heilen\u201c, Dami Charf<\/p>\n<p>2024-2025    med.Fussreflexzonenmassage, sgmf Med.Fachschule Dickerhof St.Gallen (100 Std.)<\/p>\n<\/p>\n<p>&#8220; content_last_edited=&#8220;on|phone&#8220; _builder_version=&#8220;4.27.6&#8243; _module_preset=&#8220;default&#8220; header_font_size=&#8220;100px&#8220; width=&#8220;99.9%&#8220; custom_padding=&#8220;3px|||0px||&#8220; global_colors_info=&#8220;{}&#8220;]<\/p>\n<p data-start=\"579\" data-end=\"949\"><span style=\"text-decoration: underline;\">Aus<\/span><span style=\"font-size: 14px; text-decoration-line: underline;\">bildungen\/Weiterbildungen:<\/span><\/p>\n<ul>\n<li style=\"font-size: 14px; background-color: #ffffff;\">2023-2027: Biodynamische K\u00f6rperpsychotherapie und -psychologie, E.S.B.P.E. Ulm (780 Std.)<\/li>\n<li style=\"font-size: 14px; background-color: #ffffff;\">2025: Online Fortbildung \u201eSEI\u00ae &#8211; Fr\u00fche Verletzungen und Entwicklungstrauma erkennen und heilen\u201c, Dami Charf<\/li>\n<li style=\"font-size: 14px; background-color: #ffffff;\">2024-2025: med.Fussreflexzonenmassage, sgmf Med.Fachschule Dickerhof St.Gallen (100 Std.)<\/li>\n<li style=\"font-size: 14px; background-color: #ffffff;\">2019-2022: Moderne psychologische Handanalyse, IIHA International Institut of Handanalysis, Wollerau (450 Std.)<\/li>\n<\/ul>\n<p>[\/et_pb_text][\/et_pb_column][\/et_pb_row][et_pb_row _builder_version=&#8220;4.27.6&#8243; _module_preset=&#8220;default&#8220; global_colors_info=&#8220;{}&#8220;][et_pb_column type=&#8220;4_4&#8243; _builder_version=&#8220;4.27.6&#8243; _module_preset=&#8220;default&#8220; global_colors_info=&#8220;{}&#8220;][et_pb_image src=&#8220;https:\/\/xn--lebensraum-krpertherapie-woc.ch\/wp-content\/uploads\/2025\/11\/Welle-pictogram.png&#8220; title_text=&#8220;Welle pictogram&#8220; align=&#8220;center&#8220; _builder_version=&#8220;4.27.6&#8243; _module_preset=&#8220;default&#8220; width=&#8220;100%&#8220; max_width=&#8220;100%&#8220; module_alignment=&#8220;center&#8220; min_height=&#8220;100px&#8220; min_height_tablet=&#8220;100px&#8220; min_height_phone=&#8220;100px&#8220; min_height_last_edited=&#8220;on|phone&#8220; height=&#8220;100px&#8220; max_height_tablet=&#8220;&#8220; max_height_phone=&#8220;&#8220; max_height_last_edited=&#8220;on|phone&#8220; module_alignment_tablet=&#8220;center&#8220; module_alignment_phone=&#8220;center&#8220; module_alignment_last_edited=&#8220;on|phone&#8220; global_colors_info=&#8220;{}&#8220;][\/et_pb_image][\/et_pb_column][\/et_pb_row][et_pb_row column_structure=&#8220;1_2,1_2&#8243; _builder_version=&#8220;4.27.6&#8243; _module_preset=&#8220;default&#8220; global_colors_info=&#8220;{}&#8220;][et_pb_column type=&#8220;1_2&#8243; _builder_version=&#8220;4.27.6&#8243; _module_preset=&#8220;default&#8220; global_colors_info=&#8220;{}&#8220;][et_pb_image src=&#8220;https:\/\/xn--lebensraum-krpertherapie-woc.ch\/wp-content\/uploads\/2026\/03\/logo.png&#8220; title_text=&#8220;logo&#8220; _builder_version=&#8220;4.27.6&#8243; _module_preset=&#8220;default&#8220; width=&#8220;58%&#8220; module_alignment=&#8220;center&#8220; global_colors_info=&#8220;{}&#8220;][\/et_pb_image][\/et_pb_column][et_pb_column type=&#8220;1_2&#8243; _builder_version=&#8220;4.27.6&#8243; _module_preset=&#8220;default&#8220; global_colors_info=&#8220;{}&#8220;][et_pb_text _builder_version=&#8220;4.27.6&#8243; _module_preset=&#8220;default&#8220; link_text_color=&#8220;#95C4B9&#8243; global_colors_info=&#8220;{}&#8220;]<\/p>\n<p><strong>Lebensart Handanalytik<\/strong><br \/><strong>\u00abEine Reise zu dir Selbst\u00bb<\/strong><\/p>\n<p>sich erkennen | sich bewusst werden | nach seiner Art leben<\/p>\n<p>Die H\u00e4nde sind eine faszinierende Schl\u00fcsselstelle des K\u00f6rpers, um in die tieferen Schichten vorzudringen und die Pers\u00f6nlichkeit ganzheitlich zu erkennen. Jeder Mensch verk\u00f6rpert unterschiedliche Facetten, manche zeigen wir gern, andere treten in den Hintergrund, weitere Qualit\u00e4ten sind unentdeckt und schlummern im Verborgenen.<\/p>\n<p>Erkunde auch mein Angebot zur Handanalytik unter:<br \/><a href=\"https:\/\/lebensart-handanalytik.ch\/\" target=\"_blank\" rel=\"noopener\">lebensart-handanalytik.ch<\/a><\/p>\n<p>[\/et_pb_text][\/et_pb_column][\/et_pb_row][\/et_pb_section][et_pb_section fb_built=&#8220;1&#8243; _builder_version=&#8220;4.27.4&#8243; _module_preset=&#8220;default&#8220; global_colors_info=&#8220;{}&#8220;][\/et_pb_section]<\/p>\n","protected":false},"excerpt":{"rendered":"<p>&#8230; \u00fcber michMit Lebenserfahrung und vielf\u00e4ltigen Ausbildungen habe ich meine Berufung gefunden: Menschen in ihren Prozessen zu begleiten und ihnen einen Raum zu schenken, in dem sie sich verstanden, gesehen und innerlich gest\u00e4rkt f\u00fchlen. Es ist mir ein Anliegen, Menschen zuzuh\u00f6ren und sie achtsam auf einer tieferen Ebene zu n\u00e4hren und zu begleiten. Ich freue [&hellip;]<\/p>\n","protected":false},"author":2,"featured_media":0,"parent":0,"menu_order":0,"comment_status":"closed","ping_status":"closed","template":"","meta":{"_et_pb_use_builder":"on","_et_pb_old_content":"","_et_gb_content_width":"","footnotes":""},"class_list":["post-682","page","type-page","status-publish","hentry"],"_links":{"self":[{"href":"https:\/\/xn--lebensraum-krpertherapie-woc.ch\/index.php?rest_route=\/wp\/v2\/pages\/682","targetHints":{"allow":["GET"]}}],"collection":[{"href":"https:\/\/xn--lebensraum-krpertherapie-woc.ch\/index.php?rest_route=\/wp\/v2\/pages"}],"about":[{"href":"https:\/\/xn--lebensraum-krpertherapie-woc.ch\/index.php?rest_route=\/wp\/v2\/types\/page"}],"author":[{"embeddable":true,"href":"https:\/\/xn--lebensraum-krpertherapie-woc.ch\/index.php?rest_route=\/wp\/v2\/users\/2"}],"replies":[{"embeddable":true,"href":"https:\/\/xn--lebensraum-krpertherapie-woc.ch\/index.php?rest_route=%2Fwp%2Fv2%2Fcomments&post=682"}],"version-history":[{"count":24,"href":"https:\/\/xn--lebensraum-krpertherapie-woc.ch\/index.php?rest_route=\/wp\/v2\/pages\/682\/revisions"}],"predecessor-version":[{"id":897,"href":"https:\/\/xn--lebensraum-krpertherapie-woc.ch\/index.php?rest_route=\/wp\/v2\/pages\/682\/revisions\/897"}],"wp:attachment":[{"href":"https:\/\/xn--lebensraum-krpertherapie-woc.ch\/index.php?rest_route=%2Fwp%2Fv2%2Fmedia&parent=682"}],"curies":[{"name":"wp","href":"https:\/\/api.w.org\/{rel}","templated":true}]}}