{"id":751,"date":"2026-03-03T13:58:51","date_gmt":"2026-03-03T13:58:51","guid":{"rendered":"https:\/\/xn--lebensraum-krpertherapie-woc.ch\/?page_id=751"},"modified":"2026-03-03T13:58:51","modified_gmt":"2026-03-03T13:58:51","slug":"datenschutz","status":"publish","type":"page","link":"https:\/\/xn--lebensraum-krpertherapie-woc.ch\/?page_id=751","title":{"rendered":"Datenschutz"},"content":{"rendered":"<p>[et_pb_section fb_built=&#8220;1&#8243; theme_builder_area=&#8220;post_content&#8220; _builder_version=&#8220;4.27.6&#8243; _module_preset=&#8220;default&#8220;][et_pb_row _builder_version=&#8220;4.27.6&#8243; _module_preset=&#8220;default&#8220; theme_builder_area=&#8220;post_content&#8220;][et_pb_column _builder_version=&#8220;4.27.6&#8243; _module_preset=&#8220;default&#8220; type=&#8220;4_4&#8243; theme_builder_area=&#8220;post_content&#8220;][et_pb_text _builder_version=&#8220;4.27.6&#8243; _module_preset=&#8220;default&#8220; theme_builder_area=&#8220;post_content&#8220; header_font_size=&#8220;100px&#8220;]<\/p>\n<h1 style=\"text-align: center;\">Datenschutzerkl\u00e4rung<\/h1>\n<p style=\"text-align: center;\">20.02.2026<\/p>\n<p style=\"text-align: center;\">Lebensraum K\u00f6rpertherapie, <br \/>Sennr\u00fctistrasse 17, \u20289113 Degersheim\u2028<br \/>kontakt@lebensraum-k\u00f6rpertherapie.ch<\/p>\n<p><strong>Einf\u00fchrung<\/strong><br \/>Bei Lebensraum K\u00f6rpertherapie verpflichten wir uns, Ihre Privatsph\u00e4re zu sch\u00fctzen und die Sicherheit Ihrer pers\u00f6nlichen und sensiblen Daten zu gew\u00e4hrleisten. Diese Datenschutzrichtlinie beschreibt, wie wir Ihre Daten erfassen, verwenden, speichern und sch\u00fctzen, wenn Sie unsere Website besuchen oder unsere Therapiedienste in Anspruch nehmen.<\/p>\n<p><strong>Datenerhebung und -nutzung\u2028<\/strong><br \/>Wenn Sie unsere Website besuchen, erfassen wir m\u00f6glicherweise automatisch bestimmte nicht personenbezogene Daten, wie z. B. Ihre IP-Adresse, Ihren Browsertyp, Ihr Betriebssystem und die von Ihnen besuchten Seiten. Diese Informationen werden zur Analyse von Trends, zur Verwaltung der Website und zur Erfassung demografischer Informationen f\u00fcr interne Zwecke verwendet. Wenn Sie uns \u00fcber die Website kontaktieren oder interaktive Funktionen (z. B. Formulare) nutzen, erfassen wir m\u00f6glicherweise personenbezogene Daten, die Sie freiwillig angeben, wie Ihren Namen, Ihre E-Mail-Adresse, Telefonnummer und andere relevante Details. Wir werden diese Informationen ausschliesslich dazu verwenden, Ihre Anfragen zu beantworten oder die von Ihnen gew\u00fcnschten Therapieleistungen zu erbringen.<\/p>\n<p><strong>Zustimmung\u2028<\/strong><br \/>Indem Sie unsere Website nutzen und uns Ihre pers\u00f6nlichen Daten zur Verf\u00fcgung stellen, stimmen Sie der Erhebung, Nutzung und Verarbeitung Ihrer Daten wie in dieser Richtlinie beschrieben zu.<br \/>Datensicherheit\u2028Wir ergreifen geeignete technische und organisatorische Massnahmen, um Ihre Daten vor unbefugtem Zugriff, Verlust, \u00c4nderung oder Offenlegung zu sch\u00fctzen. Wir beschr\u00e4nken den Zugriff auf Ihre Daten nur auf autorisiertes Personal, das zur Geheimhaltung verpflichtet ist.<\/p>\n<p><strong>Daten\u00fcbertragung<\/strong><br \/>Zur Verarbeitung der Daten nutzen wir vertrauensw\u00fcrdige Drittanbieter, die uns beim Betrieb unserer Website und der Bereitstellung von Therapiediensten unterst\u00fctzen. Diese Softwaredienstleistenden sind vertraglich verpflichtet, die Vertraulichkeit und Sicherheit Ihrer Daten zu wahren. Ihre Daten werden in keiner Weise zu Marketingzwecken an Dritte weitergegeben.<\/p>\n<p><strong>Cookies<\/strong><br \/>Unsere Website verwendet m\u00f6glicherweise Cookies oder \u00e4hnliche Technologien, um Ihr Interneterlebnis zu verbessern und Informationen dar\u00fcber zu sammeln, wie Sie die Website nutzen. Sie k\u00f6nnen die Verwendung von Cookies \u00fcber Ihre Browsereinstellungen steuern.<\/p>\n<p><strong>Google Analytics\u2028<\/strong><br \/>Auf unserer Website nutzen wir den Webanalysedienst Google Analytics von Google Inc. (folgend: Google). Google Analytics verwendet sog. \u00abCookies\u00bb, also Textdateien, die auf Ihrem Computer gespeichert werden und analysieren, wie Sie unsere Website nutzen.<\/p>\n<p>Die durch das Cookie erzeugten Informationen \u00fcber Ihre Benutzung dieser Website werden in der Regel an einen Server von Google in den USA \u00fcbertragen und dort gespeichert. Aufgrund der Aktivierung der IP-Anonymisierung auf dieser Website, wird Ihre IP-Adresse von Google jedoch vorg\u00e4ngig gek\u00fcrzt, innerhalb von Mitgliedstaaten der Europ\u00e4ischen Union oder in anderen Vertragsstaaten des Abkommens \u00fcber den Europ\u00e4ischen Wirtschaftsraum. Nur in Ausnahmef\u00e4llen wird die volle IP-Adresse an einen Server von Google in den USA \u00fcbertragen und dort gek\u00fcrzt.<\/p>\n<p>Innerhalb von Google Analytics k\u00f6nnen wir \u00abGoogle Signale\u00bb nutzen. Durch die Nutzung von \u00abGoogle Signale\u00bb sind wir in der Lage, die Analyse der Websitenutzung ger\u00e4te\u00fcbergreifend durchzuf\u00fchren. Es handelt sich dabei um sogenanntes Cross-Device-Tracking. Google sammelt die Daten der User (demografische Merkmale der Google Konto Nutzer), sobald diese der personalisierten Werbung zustimmen.<\/p>\n<p>Google benutzt diese Informationen in unserem Auftrag, um Ihre Nutzung der Website auszuwerten, um Reports \u00fcber die Website-Aktivit\u00e4ten zusammenzustellen und um weitere mit der Websitenutzung und der Internetnutzung verbundenen Dienstleistungen gegen\u00fcber Websitebetreibenden zu erbringen.<\/p>\n<p>Sie k\u00f6nnen die Erfassung der durch die Cookies erzeugten und auf Ihre Nutzung des Onlineangebotes bezogenen Daten an Google sowie die Verarbeitung dieser Daten durch Google verhindern, indem Sie das unter dem folgenden Link verf\u00fcgbare Browser-Plugin herunterladen und installieren: <a href=\"https:\/\/tools.google.com\/dlpage\/gaoptout\">https:\/\/tools.google.com\/dlpage\/gaoptout<\/a>.<\/p>\n<p>N\u00e4here Informationen zu Nutzungsbedingungen und Datenschutz finden Sie unter https:\/\/marketingplatform.google.com\/about\/analytics\/terms\/de\/ bzw. unter https:\/\/policies.google.com\/.Links von Drittanbietern\u2028Unsere Website kann Links zu Websites oder Diensten Dritter enthalten. Bitte beachten Sie, dass wir nicht f\u00fcr den Inhalt oder die Datenschutzpraktiken dieser Websites verantwortlich sind. Wir empfehlen Ihnen, die Datenschutzrichtlinien aller externen Websites, die Sie besuchen, zu lesen.<\/p>\n<p><strong>Dauer der Datenspeicherung\u2028<\/strong><br \/>Wir bewahren Ihre personenbezogenen Daten so lange auf, wie es zur Erf\u00fcllung der in dieser Richtlinie dargelegten Zwecke erforderlich ist, es sei denn, das Gesetz schreibt eine l\u00e4ngere Aufbewahrungsfrist vor.<\/p>\n<p><strong>Ihre Rechte<\/strong><br \/>Sie haben das Recht, auf Ihre bei uns gespeicherten personenbezogenen Daten zuzugreifen, diese zu korrigieren oder zu l\u00f6schen. Wenn Sie eines dieser Rechte aus\u00fcben m\u00f6chten, kontaktieren Sie uns bitte \u00fcber die am Ende dieser Richtlinie angegebenen Kontaktdaten.<\/p>\n<p><strong>\u00c4nderungen an dieser Richtlinie\u2028<\/strong><br \/>Wir behalten uns das Recht vor, diese Datenschutzrichtlinie von Zeit zu Zeit zu aktualisieren. Alle \u00c4nderungen werden auf dieser Seite ver\u00f6ffentlicht und das Datum des Inkrafttretens wird entsprechend aktualisiert.<\/p>\n<p><strong>Kontaktieren Sie uns\u2028<\/strong><br \/>Wenn Sie Fragen, Bedenken oder W\u00fcnsche bez\u00fcglich dieser Datenschutzrichtlinie oder unserer Datenverarbeitungspraktiken haben, kontaktieren Sie uns bitte unter:<\/p>\n<p>Lebensraum-K\u00f6rpertherapie<br \/>Anke Meier-Thiem<br \/>kontakt@lebensraum-k\u00f6rpertherapie<\/p>\n<p>[\/et_pb_text][\/et_pb_column][\/et_pb_row][\/et_pb_section]<\/p>\n","protected":false},"excerpt":{"rendered":"<p>Datenschutzerkl\u00e4rung 20.02.2026 Lebensraum K\u00f6rpertherapie, Sennr\u00fctistrasse 17, \u20289113 Degersheim\u2028kontakt@lebensraum-k\u00f6rpertherapie.ch Einf\u00fchrungBei Lebensraum K\u00f6rpertherapie verpflichten wir uns, Ihre Privatsph\u00e4re zu sch\u00fctzen und die Sicherheit Ihrer pers\u00f6nlichen und sensiblen Daten zu gew\u00e4hrleisten. Diese Datenschutzrichtlinie beschreibt, wie wir Ihre Daten erfassen, verwenden, speichern und sch\u00fctzen, wenn Sie unsere Website besuchen oder unsere Therapiedienste in Anspruch nehmen. Datenerhebung und -nutzung\u2028Wenn Sie [&hellip;]<\/p>\n","protected":false},"author":1,"featured_media":0,"parent":0,"menu_order":0,"comment_status":"closed","ping_status":"closed","template":"","meta":{"_et_pb_use_builder":"on","_et_pb_old_content":"","_et_gb_content_width":"","footnotes":""},"class_list":["post-751","page","type-page","status-publish","hentry"],"_links":{"self":[{"href":"https:\/\/xn--lebensraum-krpertherapie-woc.ch\/index.php?rest_route=\/wp\/v2\/pages\/751","targetHints":{"allow":["GET"]}}],"collection":[{"href":"https:\/\/xn--lebensraum-krpertherapie-woc.ch\/index.php?rest_route=\/wp\/v2\/pages"}],"about":[{"href":"https:\/\/xn--lebensraum-krpertherapie-woc.ch\/index.php?rest_route=\/wp\/v2\/types\/page"}],"author":[{"embeddable":true,"href":"https:\/\/xn--lebensraum-krpertherapie-woc.ch\/index.php?rest_route=\/wp\/v2\/users\/1"}],"replies":[{"embeddable":true,"href":"https:\/\/xn--lebensraum-krpertherapie-woc.ch\/index.php?rest_route=%2Fwp%2Fv2%2Fcomments&post=751"}],"version-history":[{"count":3,"href":"https:\/\/xn--lebensraum-krpertherapie-woc.ch\/index.php?rest_route=\/wp\/v2\/pages\/751\/revisions"}],"predecessor-version":[{"id":755,"href":"https:\/\/xn--lebensraum-krpertherapie-woc.ch\/index.php?rest_route=\/wp\/v2\/pages\/751\/revisions\/755"}],"wp:attachment":[{"href":"https:\/\/xn--lebensraum-krpertherapie-woc.ch\/index.php?rest_route=%2Fwp%2Fv2%2Fmedia&parent=751"}],"curies":[{"name":"wp","href":"https:\/\/api.w.org\/{rel}","templated":true}]}}